{"id":232,"date":"2022-12-09T14:59:51","date_gmt":"2022-12-09T14:59:51","guid":{"rendered":"https:\/\/canestrari.com.ar\/cs\/?page_id=232"},"modified":"2025-11-07T15:56:39","modified_gmt":"2025-11-07T15:56:39","slug":"nuestra-historia","status":"publish","type":"page","link":"https:\/\/canestrari.com.ar\/cs\/nuestra-historia\/","title":{"rendered":"Nuestra Historia"},"content":{"rendered":"\t\t<div data-elementor-type=\"wp-page\" data-elementor-id=\"232\" class=\"elementor elementor-232\" data-elementor-post-type=\"page\">\n\t\t\t\t\t\t<section class=\"elementor-section elementor-top-section elementor-element elementor-element-c643c8f elementor-section-boxed elementor-section-height-default elementor-section-height-default\" data-id=\"c643c8f\" data-element_type=\"section\" data-e-type=\"section\">\n\t\t\t\t\t\t<div class=\"elementor-container elementor-column-gap-default\">\n\t\t\t\t\t<div class=\"elementor-column elementor-col-100 elementor-top-column elementor-element elementor-element-f95b9ea\" data-id=\"f95b9ea\" data-element_type=\"column\" data-e-type=\"column\">\n\t\t\t<div class=\"elementor-widget-wrap elementor-element-populated\">\n\t\t\t\t\t\t<div class=\"elementor-element elementor-element-eb781c8 elementor-widget elementor-widget-heading\" data-id=\"eb781c8\" data-element_type=\"widget\" data-e-type=\"widget\" data-widget_type=\"heading.default\">\n\t\t\t\t<div class=\"elementor-widget-container\">\n\t\t\t\t\t<h2 class=\"elementor-heading-title elementor-size-default\"> Nuestra historia<\/h2>\t\t\t\t<\/div>\n\t\t\t\t<\/div>\n\t\t\t\t\t<\/div>\n\t\t<\/div>\n\t\t\t\t\t<\/div>\n\t\t<\/section>\n\t\t\t\t<section class=\"elementor-section elementor-top-section elementor-element elementor-element-b4ca77c elementor-section-boxed elementor-section-height-default elementor-section-height-default elementor-invisible\" data-id=\"b4ca77c\" data-element_type=\"section\" data-e-type=\"section\" data-settings=\"{&quot;animation&quot;:&quot;fadeIn&quot;}\">\n\t\t\t\t\t\t<div class=\"elementor-container elementor-column-gap-default\">\n\t\t\t\t\t<div class=\"elementor-column elementor-col-50 elementor-top-column elementor-element elementor-element-aca6ce5\" data-id=\"aca6ce5\" data-element_type=\"column\" data-e-type=\"column\">\n\t\t\t<div class=\"elementor-widget-wrap elementor-element-populated\">\n\t\t\t\t\t\t<div class=\"elementor-element elementor-element-97da5b1 elementor-widget elementor-widget-text-editor\" data-id=\"97da5b1\" data-element_type=\"widget\" data-e-type=\"widget\" data-widget_type=\"text-editor.default\">\n\t\t\t\t<div class=\"elementor-widget-container\">\n\t\t\t\t\t\t\t\t\t<p><strong>CANESTRARI HNOS. S.A.<\/strong> es una empresa Argentina, fundada en el a\u00f1o 1945, dedicada a la fabricaci\u00f3n de embarcaciones y a la prestaci\u00f3n <span class=\"nobr\">de servicios n\u00e1uticos.<\/span><\/p>\t\t\t\t\t\t\t\t<\/div>\n\t\t\t\t<\/div>\n\t\t\t\t<div class=\"elementor-element elementor-element-1ad78d1 elementor-widget elementor-widget-text-editor\" data-id=\"1ad78d1\" data-element_type=\"widget\" data-e-type=\"widget\" data-widget_type=\"text-editor.default\">\n\t\t\t\t<div class=\"elementor-widget-container\">\n\t\t\t\t\t\t\t\t\t<p>El origen de la empresa fue forjado por los hermanos Ernesto y Jos\u00e9 Canestrari quienes, despu\u00e9s de haber tenido experiencias en tareas n\u00e1uticas al lado de su padre Don Juan Jos\u00e9 Canestrari y de haber trabajado en diversos astilleros de las zonas de Tigre y San Fernando, decidieron iniciarse por cuenta propia en la reparaci\u00f3n y fabricaci\u00f3n de embarcaciones de madera, bajo la denominaci\u00f3n de Astilleros el Tim\u00f3n.<\/p>\t\t\t\t\t\t\t\t<\/div>\n\t\t\t\t<\/div>\n\t\t\t\t\t<\/div>\n\t\t<\/div>\n\t\t\t\t<div class=\"elementor-column elementor-col-50 elementor-top-column elementor-element elementor-element-3744851\" data-id=\"3744851\" data-element_type=\"column\" data-e-type=\"column\">\n\t\t\t<div class=\"elementor-widget-wrap elementor-element-populated\">\n\t\t\t\t\t\t<div class=\"elementor-element elementor-element-e1cc464 elementor-widget elementor-widget-image\" data-id=\"e1cc464\" data-element_type=\"widget\" data-e-type=\"widget\" data-widget_type=\"image.default\">\n\t\t\t\t<div class=\"elementor-widget-container\">\n\t\t\t\t\t\t\t\t\t\t\t\t<figure class=\"wp-caption\">\n\t\t\t\t\t\t\t\t\t\t<img fetchpriority=\"high\" decoding=\"async\" width=\"800\" height=\"769\" src=\"https:\/\/canestrari.com.ar\/cs\/wp-content\/uploads\/2022\/12\/canestrari_1_qs.jpg\" class=\"attachment-large size-large wp-image-257\" alt=\"\" srcset=\"https:\/\/canestrari.com.ar\/cs\/wp-content\/uploads\/2022\/12\/canestrari_1_qs.jpg 800w, https:\/\/canestrari.com.ar\/cs\/wp-content\/uploads\/2022\/12\/canestrari_1_qs-300x288.jpg 300w, https:\/\/canestrari.com.ar\/cs\/wp-content\/uploads\/2022\/12\/canestrari_1_qs-768x738.jpg 768w\" sizes=\"(max-width: 800px) 100vw, 800px\" \/>\t\t\t\t\t\t\t\t\t\t\t<figcaption class=\"widget-image-caption wp-caption-text\">Ernesto y Jos\u00e9 Canestrari<\/figcaption>\n\t\t\t\t\t\t\t\t\t\t<\/figure>\n\t\t\t\t\t\t\t\t\t<\/div>\n\t\t\t\t<\/div>\n\t\t\t\t\t<\/div>\n\t\t<\/div>\n\t\t\t\t\t<\/div>\n\t\t<\/section>\n\t\t\t\t<section class=\"elementor-section elementor-top-section elementor-element elementor-element-5da167a elementor-reverse-mobile elementor-section-boxed elementor-section-height-default elementor-section-height-default elementor-invisible\" data-id=\"5da167a\" data-element_type=\"section\" data-e-type=\"section\" data-settings=\"{&quot;animation&quot;:&quot;fadeIn&quot;}\">\n\t\t\t\t\t\t<div class=\"elementor-container elementor-column-gap-default\">\n\t\t\t\t\t<div class=\"elementor-column elementor-col-50 elementor-top-column elementor-element elementor-element-a43c9f1\" data-id=\"a43c9f1\" data-element_type=\"column\" data-e-type=\"column\">\n\t\t\t<div class=\"elementor-widget-wrap elementor-element-populated\">\n\t\t\t\t\t\t<div class=\"elementor-element elementor-element-d52e2a1 elementor-widget elementor-widget-image\" data-id=\"d52e2a1\" data-element_type=\"widget\" data-e-type=\"widget\" data-widget_type=\"image.default\">\n\t\t\t\t<div class=\"elementor-widget-container\">\n\t\t\t\t\t\t\t\t\t\t\t\t\t\t\t<img decoding=\"async\" width=\"474\" height=\"1024\" src=\"https:\/\/canestrari.com.ar\/cs\/wp-content\/uploads\/2025\/10\/canestrari-logos-474x1024.png\" class=\"attachment-large size-large wp-image-331\" alt=\"\" srcset=\"https:\/\/canestrari.com.ar\/cs\/wp-content\/uploads\/2025\/10\/canestrari-logos-474x1024.png 474w, https:\/\/canestrari.com.ar\/cs\/wp-content\/uploads\/2025\/10\/canestrari-logos-139x300.png 139w, https:\/\/canestrari.com.ar\/cs\/wp-content\/uploads\/2025\/10\/canestrari-logos-768x1658.png 768w, https:\/\/canestrari.com.ar\/cs\/wp-content\/uploads\/2025\/10\/canestrari-logos-711x1536.png 711w, https:\/\/canestrari.com.ar\/cs\/wp-content\/uploads\/2025\/10\/canestrari-logos.png 880w\" sizes=\"(max-width: 474px) 100vw, 474px\" \/>\t\t\t\t\t\t\t\t\t\t\t\t\t\t\t<\/div>\n\t\t\t\t<\/div>\n\t\t\t\t\t<\/div>\n\t\t<\/div>\n\t\t\t\t<div class=\"elementor-column elementor-col-50 elementor-top-column elementor-element elementor-element-13e7508\" data-id=\"13e7508\" data-element_type=\"column\" data-e-type=\"column\">\n\t\t\t<div class=\"elementor-widget-wrap elementor-element-populated\">\n\t\t\t\t\t\t<div class=\"elementor-element elementor-element-b0c0b7a elementor-widget elementor-widget-text-editor\" data-id=\"b0c0b7a\" data-element_type=\"widget\" data-e-type=\"widget\" data-widget_type=\"text-editor.default\">\n\t\t\t\t<div class=\"elementor-widget-container\">\n\t\t\t\t\t\t\t\t\tEl constante esp\u00edritu de lucha, la fuerza laboral, la voluntad y perseverancia en el cumplimiento de objetivos de los hermanos Canestrari, permitieron la evoluci\u00f3n de la empresa, trasluci\u00e9ndose en el desarrollo de nuevas \u00e1reas de negocio, todas ellas regidas por los valores que trasmitidos a las nuevas generaciones, quienes contin\u00faan llevando adelante la empresa renovando constantemente su tecnolog\u00eda y capacidad productiva.\t\t\t\t\t\t\t\t<\/div>\n\t\t\t\t<\/div>\n\t\t\t\t<div class=\"elementor-element elementor-element-2860109 elementor-widget elementor-widget-text-editor\" data-id=\"2860109\" data-element_type=\"widget\" data-e-type=\"widget\" data-widget_type=\"text-editor.default\">\n\t\t\t\t<div class=\"elementor-widget-container\">\n\t\t\t\t\t\t\t\t\t<p>As\u00ed es como hoy, la tercera generaci\u00f3n de esta familia n\u00e1utica, apuesta a la producci\u00f3n nacional materializando el esp\u00edritu de sus creadores, manteniendo el mejor nivel y calidad del mercado y siguiendo siendo lideres del mercado n\u00e1utico argentino.<\/p>\t\t\t\t\t\t\t\t<\/div>\n\t\t\t\t<\/div>\n\t\t\t\t\t<\/div>\n\t\t<\/div>\n\t\t\t\t\t<\/div>\n\t\t<\/section>\n\t\t\t\t<section class=\"elementor-section elementor-top-section elementor-element elementor-element-92fa88e elementor-section-boxed elementor-section-height-default elementor-section-height-default elementor-invisible\" data-id=\"92fa88e\" data-element_type=\"section\" data-e-type=\"section\" data-settings=\"{&quot;animation&quot;:&quot;fadeIn&quot;}\">\n\t\t\t\t\t\t<div class=\"elementor-container elementor-column-gap-default\">\n\t\t\t\t\t<div class=\"elementor-column elementor-col-50 elementor-top-column elementor-element elementor-element-4c17dd2\" data-id=\"4c17dd2\" data-element_type=\"column\" data-e-type=\"column\">\n\t\t\t<div class=\"elementor-widget-wrap elementor-element-populated\">\n\t\t\t\t\t\t<div class=\"elementor-element elementor-element-1372c93 elementor-widget elementor-widget-heading\" data-id=\"1372c93\" data-element_type=\"widget\" data-e-type=\"widget\" data-widget_type=\"heading.default\">\n\t\t\t\t<div class=\"elementor-widget-container\">\n\t\t\t\t\t<h2 class=\"elementor-heading-title elementor-size-default\">Si te interesa saber m\u00e1s...<\/h2>\t\t\t\t<\/div>\n\t\t\t\t<\/div>\n\t\t\t\t<div class=\"elementor-element elementor-element-eb5f4dc elementor-widget elementor-widget-text-editor\" data-id=\"eb5f4dc\" data-element_type=\"widget\" data-e-type=\"widget\" data-widget_type=\"text-editor.default\">\n\t\t\t\t<div class=\"elementor-widget-container\">\n\t\t\t\t\t\t\t\t\t<p><strong>\u201cDe Proa a los Sue\u00f1os\u201d<\/strong> es el libro que cuenta la historia de nuestra familia <span class=\"nobr\">y empresa:<\/span> <strong>Canestrari Hnos<\/strong>.\u00a0Se gest\u00f3 en la Pandemia cuando no pod\u00edamos festejar el 77 aniversario de la empresa, y hoy, un tiempo despu\u00e9s, hemos logrado editarlo e imprimirlo como una forma de honrar a nuestros antecesores y demostrando, como nos ense\u00f1aron ellos, que de todas las crisis y momentos dif\u00edciles se puede resurgir y seguir persiguiendo sue\u00f1os.<\/p>\t\t\t\t\t\t\t\t<\/div>\n\t\t\t\t<\/div>\n\t\t\t\t\t<\/div>\n\t\t<\/div>\n\t\t\t\t<div class=\"elementor-column elementor-col-50 elementor-top-column elementor-element elementor-element-a58f99a\" data-id=\"a58f99a\" data-element_type=\"column\" data-e-type=\"column\">\n\t\t\t<div class=\"elementor-widget-wrap\">\n\t\t\t\t\t\t\t<\/div>\n\t\t<\/div>\n\t\t\t\t\t<\/div>\n\t\t<\/section>\n\t\t\t\t<section class=\"elementor-section elementor-top-section elementor-element elementor-element-8901a68 elementor-section-boxed elementor-section-height-default elementor-section-height-default elementor-invisible\" data-id=\"8901a68\" data-element_type=\"section\" data-e-type=\"section\" data-settings=\"{&quot;animation&quot;:&quot;fadeIn&quot;}\">\n\t\t\t\t\t\t<div class=\"elementor-container elementor-column-gap-default\">\n\t\t\t\t\t<div class=\"elementor-column elementor-col-100 elementor-top-column elementor-element elementor-element-c995200\" data-id=\"c995200\" data-element_type=\"column\" data-e-type=\"column\">\n\t\t\t<div class=\"elementor-widget-wrap elementor-element-populated\">\n\t\t\t\t\t\t<div class=\"elementor-element elementor-element-543efe3 elementor-widget elementor-widget-image-carousel\" data-id=\"543efe3\" data-element_type=\"widget\" data-e-type=\"widget\" data-settings=\"{&quot;slides_to_show&quot;:&quot;1&quot;,&quot;navigation&quot;:&quot;none&quot;,&quot;effect&quot;:&quot;fade&quot;,&quot;autoplay&quot;:&quot;yes&quot;,&quot;pause_on_hover&quot;:&quot;yes&quot;,&quot;pause_on_interaction&quot;:&quot;yes&quot;,&quot;autoplay_speed&quot;:5000,&quot;infinite&quot;:&quot;yes&quot;,&quot;speed&quot;:500}\" data-widget_type=\"image-carousel.default\">\n\t\t\t\t<div class=\"elementor-widget-container\">\n\t\t\t\t\t\t\t<div class=\"elementor-image-carousel-wrapper swiper\" role=\"region\" aria-roledescription=\"carousel\" aria-label=\"Carrusel de im\u00e1genes\" dir=\"ltr\">\n\t\t\t<div class=\"elementor-image-carousel swiper-wrapper swiper-image-stretch\" aria-live=\"off\">\n\t\t\t\t\t\t\t\t<div class=\"swiper-slide\" role=\"group\" aria-roledescription=\"slide\" aria-label=\"1 de 3\"><figure class=\"swiper-slide-inner\"><img decoding=\"async\" class=\"swiper-slide-image\" src=\"https:\/\/canestrari.com.ar\/cs\/wp-content\/uploads\/2022\/12\/canestrari_ps_0-768x520.jpg\" alt=\"canestrari_ps_0\" \/><\/figure><\/div><div class=\"swiper-slide\" role=\"group\" aria-roledescription=\"slide\" aria-label=\"2 de 3\"><figure class=\"swiper-slide-inner\"><img decoding=\"async\" class=\"swiper-slide-image\" src=\"https:\/\/canestrari.com.ar\/cs\/wp-content\/uploads\/2022\/12\/canestrari_ps_2-768x520.jpg\" alt=\"canestrari_ps_2\" \/><\/figure><\/div><div class=\"swiper-slide\" role=\"group\" aria-roledescription=\"slide\" aria-label=\"3 de 3\"><figure class=\"swiper-slide-inner\"><img decoding=\"async\" class=\"swiper-slide-image\" src=\"https:\/\/canestrari.com.ar\/cs\/wp-content\/uploads\/2022\/12\/canestrari_ps_1-768x520.jpg\" alt=\"canestrari_ps_1\" \/><\/figure><\/div>\t\t\t<\/div>\n\t\t\t\t\t\t\t\n\t\t\t\t\t\t\t\t\t<\/div>\n\t\t\t\t\t\t<\/div>\n\t\t\t\t<\/div>\n\t\t\t\t\t<\/div>\n\t\t<\/div>\n\t\t\t\t\t<\/div>\n\t\t<\/section>\n\t\t\t\t<section class=\"elementor-section elementor-top-section elementor-element elementor-element-c274615 elementor-section-boxed elementor-section-height-default elementor-section-height-default elementor-invisible\" data-id=\"c274615\" data-element_type=\"section\" data-e-type=\"section\" data-settings=\"{&quot;animation&quot;:&quot;fadeIn&quot;}\">\n\t\t\t\t\t\t<div class=\"elementor-container elementor-column-gap-default\">\n\t\t\t\t\t<div class=\"elementor-column elementor-col-50 elementor-top-column elementor-element elementor-element-7ed7972\" data-id=\"7ed7972\" data-element_type=\"column\" data-e-type=\"column\">\n\t\t\t<div class=\"elementor-widget-wrap\">\n\t\t\t\t\t\t\t<\/div>\n\t\t<\/div>\n\t\t\t\t<div class=\"elementor-column elementor-col-50 elementor-top-column elementor-element elementor-element-8ee8616 elementor-hidden-desktop elementor-hidden-tablet elementor-hidden-mobile\" data-id=\"8ee8616\" data-element_type=\"column\" data-e-type=\"column\">\n\t\t\t<div class=\"elementor-widget-wrap elementor-element-populated\">\n\t\t\t\t\t\t<div class=\"elementor-element elementor-element-a9dc20c elementor-widget elementor-widget-text-editor\" data-id=\"a9dc20c\" data-element_type=\"widget\" data-e-type=\"widget\" data-widget_type=\"text-editor.default\">\n\t\t\t\t<div class=\"elementor-widget-container\">\n\t\t\t\t\t\t\t\t\t<p>Y para seguir cumpliendo sue\u00f1os, <strong>el total de lo recaudado del libro ser\u00e1 donado a la Escuela T\u00e9cnica N*1 de tercera secci\u00f3n de islas<\/strong>.<\/p><p>Pod\u00e9s tener el libro, conocer la historia, recorrer los modelos hist\u00f3ricos de nuestras embarcaciones y enterarte de muchas an\u00e9cdotas que son parte de la n\u00e1utica nacional.<\/p><p>Con tu aporte de <strong>$8.500<\/strong> a la cuenta de la escuela te entregamos el libro y ayudamos <span class=\"nobr\">a esta<\/span> escuela t\u00e9cnica de isla que se merece nuestra colaboraci\u00f3n!<\/p>\t\t\t\t\t\t\t\t<\/div>\n\t\t\t\t<\/div>\n\t\t\t\t<div class=\"elementor-element elementor-element-5104d3c elementor-widget elementor-widget-text-editor\" data-id=\"5104d3c\" data-element_type=\"widget\" data-e-type=\"widget\" data-widget_type=\"text-editor.default\">\n\t\t\t\t<div class=\"elementor-widget-container\">\n\t\t\t\t\t\t\t\t\t<p>Escuela de Educaci\u00f3n Secundaria T\u00e9cnica N\u00b0 1<br \/>Alf\u00e9rez Jos\u00e9 Mar\u00eda Sobral<br \/>Cbu: 0140031101509501156690<br \/>Alias: CEIBO.PISADA.FLANCO<br \/>CC$ 5095-11566\/9<\/p>\t\t\t\t\t\t\t\t<\/div>\n\t\t\t\t<\/div>\n\t\t\t\t<div class=\"elementor-element elementor-element-98f759a elementor-widget elementor-widget-text-editor\" data-id=\"98f759a\" data-element_type=\"widget\" data-e-type=\"widget\" data-widget_type=\"text-editor.default\">\n\t\t\t\t<div class=\"elementor-widget-container\">\n\t\t\t\t\t\t\t\t\t<p><em>Por cualquier consulta escribinos a <span style=\"text-decoration: underline;\"><a href=\"mailto:libro@canestrari.com.ar\" target=\"_blank\" rel=\"noopener\">libro@canestrari.com.ar<\/a><\/span><\/em><\/p>\t\t\t\t\t\t\t\t<\/div>\n\t\t\t\t<\/div>\n\t\t\t\t\t<\/div>\n\t\t<\/div>\n\t\t\t\t\t<\/div>\n\t\t<\/section>\n\t\t\t\t<\/div>\n\t\t","protected":false},"excerpt":{"rendered":"<p>Nuestra historia CANESTRARI HNOS. S.A. es una empresa Argentina, fundada en el a\u00f1o 1945, dedicada a la fabricaci\u00f3n de embarcaciones y a la prestaci\u00f3n de servicios n\u00e1uticos. El origen de la empresa fue forjado por los hermanos Ernesto y Jos\u00e9 Canestrari quienes, despu\u00e9s de haber tenido experiencias en tareas n\u00e1uticas al lado de su padre [&hellip;]<\/p>\n","protected":false},"author":2,"featured_media":0,"parent":0,"menu_order":0,"comment_status":"closed","ping_status":"closed","template":"","meta":{"footnotes":""},"class_list":["post-232","page","type-page","status-publish","hentry"],"_links":{"self":[{"href":"https:\/\/canestrari.com.ar\/cs\/wp-json\/wp\/v2\/pages\/232","targetHints":{"allow":["GET"]}}],"collection":[{"href":"https:\/\/canestrari.com.ar\/cs\/wp-json\/wp\/v2\/pages"}],"about":[{"href":"https:\/\/canestrari.com.ar\/cs\/wp-json\/wp\/v2\/types\/page"}],"author":[{"embeddable":true,"href":"https:\/\/canestrari.com.ar\/cs\/wp-json\/wp\/v2\/users\/2"}],"replies":[{"embeddable":true,"href":"https:\/\/canestrari.com.ar\/cs\/wp-json\/wp\/v2\/comments?post=232"}],"version-history":[{"count":49,"href":"https:\/\/canestrari.com.ar\/cs\/wp-json\/wp\/v2\/pages\/232\/revisions"}],"predecessor-version":[{"id":344,"href":"https:\/\/canestrari.com.ar\/cs\/wp-json\/wp\/v2\/pages\/232\/revisions\/344"}],"wp:attachment":[{"href":"https:\/\/canestrari.com.ar\/cs\/wp-json\/wp\/v2\/media?parent=232"}],"curies":[{"name":"wp","href":"https:\/\/api.w.org\/{rel}","templated":true}]}}